{"id":7,"date":"2020-05-20T02:55:55","date_gmt":"2020-05-20T02:55:55","guid":{"rendered":"https:\/\/permisdeconduceres.com\/?page_id=7"},"modified":"2020-05-20T10:50:25","modified_gmt":"2020-05-20T10:50:25","slug":"%ce%b3%ce%b9%ce%b1-%ce%b5%ce%bc%ce%ac%cf%82","status":"publish","type":"page","link":"https:\/\/permisdeconduceres.com\/el\/%ce%b3%ce%b9%ce%b1-%ce%b5%ce%bc%ce%ac%cf%82\/","title":{"rendered":"\u03a3\u03c7\u03b5\u03c4\u03b9\u03ba\u03ac \u03bc\u03b5 \u03b5\u03bc\u03ac\u03c2"},"content":{"rendered":"\t\t<div data-elementor-type=\"wp-page\" data-elementor-id=\"7\" class=\"elementor elementor-7\">\n\t\t\t\t\t\t<section class=\"elementor-section elementor-top-section elementor-element elementor-element-2af51fe elementor-section-boxed elementor-section-height-default elementor-section-height-default\" data-id=\"2af51fe\" data-element_type=\"section\" data-e-type=\"section\">\n\t\t\t\t\t\t<div class=\"elementor-container elementor-column-gap-default\">\n\t\t\t\t\t<div class=\"elementor-column elementor-col-100 elementor-top-column elementor-element elementor-element-6772f41\" data-id=\"6772f41\" data-element_type=\"column\" data-e-type=\"column\">\n\t\t\t<div class=\"elementor-widget-wrap elementor-element-populated\">\n\t\t\t\t\t\t<div class=\"elementor-element elementor-element-d5ca823 elementor-widget elementor-widget-heading\" data-id=\"d5ca823\" data-element_type=\"widget\" data-e-type=\"widget\" data-widget_type=\"heading.default\">\n\t\t\t\t<div class=\"elementor-widget-container\">\n\t\t\t\t\t<h2 class=\"elementor-heading-title elementor-size-default\">Suntem un magazin online unde pute\u021bi cump\u0103ra permis de conducere, cump\u0103ra un pa\u0219aport, cump\u0103ra\u021bi o carte de identitate fals\u0103 \u0219i pute\u021bi cump\u0103ra un permis de \u0219edere.<\/h2>\t\t\t\t<\/div>\n\t\t\t\t<\/div>\n\t\t\t\t\t<\/div>\n\t\t<\/div>\n\t\t\t\t\t<\/div>\n\t\t<\/section>\n\t\t\t\t<section class=\"elementor-section elementor-top-section elementor-element elementor-element-174a74d elementor-section-boxed elementor-section-height-default elementor-section-height-default\" data-id=\"174a74d\" data-element_type=\"section\" data-e-type=\"section\">\n\t\t\t\t\t\t<div class=\"elementor-container elementor-column-gap-default\">\n\t\t\t\t\t<div class=\"elementor-column elementor-col-50 elementor-top-column elementor-element elementor-element-24d369c\" data-id=\"24d369c\" data-element_type=\"column\" data-e-type=\"column\">\n\t\t\t<div class=\"elementor-widget-wrap elementor-element-populated\">\n\t\t\t\t\t\t<div class=\"elementor-element elementor-element-d65a76f elementor-widget elementor-widget-image\" data-id=\"d65a76f\" data-element_type=\"widget\" data-e-type=\"widget\" data-widget_type=\"image.default\">\n\t\t\t\t<div class=\"elementor-widget-container\">\n\t\t\t\t\t\t\t\t\t\t\t\t\t\t\t<img fetchpriority=\"high\" decoding=\"async\" width=\"269\" height=\"188\" src=\"https:\/\/permisdeconduceres.com\/wp-content\/uploads\/2020\/05\/7.jpg\" class=\"attachment-large size-large wp-image-51\" alt=\"vreau sa cumpar permis de conducere, cumpar permis de conducere\" \/>\t\t\t\t\t\t\t\t\t\t\t\t\t\t\t<\/div>\n\t\t\t\t<\/div>\n\t\t\t\t\t<\/div>\n\t\t<\/div>\n\t\t\t\t<div class=\"elementor-column elementor-col-50 elementor-top-column elementor-element elementor-element-8a4e317\" data-id=\"8a4e317\" data-element_type=\"column\" data-e-type=\"column\">\n\t\t\t<div class=\"elementor-widget-wrap elementor-element-populated\">\n\t\t\t\t\t\t<div class=\"elementor-element elementor-element-1db5848 elementor-widget elementor-widget-image\" data-id=\"1db5848\" data-element_type=\"widget\" data-e-type=\"widget\" data-widget_type=\"image.default\">\n\t\t\t\t<div class=\"elementor-widget-container\">\n\t\t\t\t\t\t\t\t\t\t\t\t\t\t\t<img decoding=\"async\" width=\"275\" height=\"183\" src=\"https:\/\/permisdeconduceres.com\/wp-content\/uploads\/2020\/05\/5.jpg\" class=\"attachment-large size-large wp-image-50\" alt=\"vreau sa cumpar permis de conducere, cumpar permis de conducere\" \/>\t\t\t\t\t\t\t\t\t\t\t\t\t\t\t<\/div>\n\t\t\t\t<\/div>\n\t\t\t\t\t<\/div>\n\t\t<\/div>\n\t\t\t\t\t<\/div>\n\t\t<\/section>\n\t\t\t\t<section class=\"elementor-section elementor-top-section elementor-element elementor-element-bb86cb2 elementor-section-boxed elementor-section-height-default elementor-section-height-default\" data-id=\"bb86cb2\" data-element_type=\"section\" data-e-type=\"section\">\n\t\t\t\t\t\t<div class=\"elementor-container elementor-column-gap-default\">\n\t\t\t\t\t<div class=\"elementor-column elementor-col-100 elementor-top-column elementor-element elementor-element-53a8e79\" data-id=\"53a8e79\" data-element_type=\"column\" data-e-type=\"column\">\n\t\t\t<div class=\"elementor-widget-wrap elementor-element-populated\">\n\t\t\t\t\t\t<div class=\"elementor-element elementor-element-84dfb8d elementor-widget elementor-widget-heading\" data-id=\"84dfb8d\" data-element_type=\"widget\" data-e-type=\"widget\" data-widget_type=\"heading.default\">\n\t\t\t\t<div class=\"elementor-widget-container\">\n\t\t\t\t\t<h2 class=\"elementor-heading-title elementor-size-default\"><a href=\"https:\/\/permisdeconduceres.com\/\">cine suntem:<\/a><\/h2>\t\t\t\t<\/div>\n\t\t\t\t<\/div>\n\t\t\t\t<div class=\"elementor-element elementor-element-0129ada elementor-widget elementor-widget-text-editor\" data-id=\"0129ada\" data-element_type=\"widget\" data-e-type=\"widget\" data-widget_type=\"text-editor.default\">\n\t\t\t\t<div class=\"elementor-widget-container\">\n\t\t\t\t\t\t\t\t\t<p>Din 2009 producem \u0219i distribuim permisul de conducere rom\u00e2nesc, pa\u0219aportul rom\u00e2nesc, c\u0103r\u021bi de \u0219edere rom\u00e2ne\u0219ti \u0219i c\u0103r\u021bi de identitate false. Clien\u021bii no\u0219tri ne contacteaz\u0103 \u00een mod regulat prin intermediul acestui site web \u0219i plaseaz\u0103 comenzi pentru documentul specific pe care doresc s\u0103 \u00eel cumpere. \u00cen mod normal, oferim clien\u021bilor un pre\u021b care depinde de \u021bara documentului \u0219i de urgen\u021ba sarcinii. Echipa noastr\u0103 de asisten\u021b\u0103 este \u00eentotdeauna gata s\u0103 v\u0103 ajute \u0219i r\u0103m\u00e2nem \u00een leg\u0103tur\u0103 cu clien\u021bii no\u0219tri \u00een timpul procesului de produc\u021bie. Actualiz\u0103m clien\u021bii la fiecare pas.<\/p>\t\t\t\t\t\t\t\t<\/div>\n\t\t\t\t<\/div>\n\t\t\t\t<div class=\"elementor-element elementor-element-014b38c elementor-widget elementor-widget-button\" data-id=\"014b38c\" data-element_type=\"widget\" data-e-type=\"widget\" data-widget_type=\"button.default\">\n\t\t\t\t<div class=\"elementor-widget-container\">\n\t\t\t\t\t\t\t\t\t<div class=\"elementor-button-wrapper\">\n\t\t\t\t\t<a class=\"elementor-button elementor-button-link elementor-size-sm elementor-animation-pulse-shrink\" href=\"https:\/\/permisdeconduceres.com\/\">\n\t\t\t\t\t\t<span class=\"elementor-button-content-wrapper\">\n\t\t\t\t\t\t\t\t\t<span class=\"elementor-button-text\">Mai multe despre noi<\/span>\n\t\t\t\t\t<\/span>\n\t\t\t\t\t<\/a>\n\t\t\t\t<\/div>\n\t\t\t\t\t\t\t\t<\/div>\n\t\t\t\t<\/div>\n\t\t\t\t\t<\/div>\n\t\t<\/div>\n\t\t\t\t\t<\/div>\n\t\t<\/section>\n\t\t\t\t<section class=\"elementor-section elementor-top-section elementor-element elementor-element-d722f8a elementor-section-boxed elementor-section-height-default elementor-section-height-default\" data-id=\"d722f8a\" data-element_type=\"section\" data-e-type=\"section\">\n\t\t\t\t\t\t<div class=\"elementor-container elementor-column-gap-default\">\n\t\t\t\t\t<div class=\"elementor-column elementor-col-50 elementor-top-column elementor-element elementor-element-446ed92\" data-id=\"446ed92\" data-element_type=\"column\" data-e-type=\"column\">\n\t\t\t<div class=\"elementor-widget-wrap elementor-element-populated\">\n\t\t\t\t\t\t<div class=\"elementor-element elementor-element-ea203ac elementor-widget elementor-widget-text-editor\" data-id=\"ea203ac\" data-element_type=\"widget\" data-e-type=\"widget\" data-widget_type=\"text-editor.default\">\n\t\t\t\t<div class=\"elementor-widget-container\">\n\t\t\t\t\t\t\t\t\t<p>Avem parteneri \u00een diferite agen\u021bii guvernamentale care colaboreaz\u0103 cu noi pentru a facilita \u00eenregistrarea documentelor originale. Tip\u0103rim aceste documente pe materiale bune de \u00eenalt\u0103 calitate. De asemenea, folosim contactele noastre cu guvernul pentru a \u00eenregistra documentele \u00een sistemele informatice guvernamentale. Acest proces este necesar \u00een sistemul de transport, \u00een sistemul de imigrare \u0219i \u00een sistemele de identificare. Pute\u021bi avea \u00eentotdeauna \u00eencredere \u00een noi pentru a crea documente legale pentru dvs.<\/p>\t\t\t\t\t\t\t\t<\/div>\n\t\t\t\t<\/div>\n\t\t\t\t\t<\/div>\n\t\t<\/div>\n\t\t\t\t<div class=\"elementor-column elementor-col-50 elementor-top-column elementor-element elementor-element-c88ef6b\" data-id=\"c88ef6b\" data-element_type=\"column\" data-e-type=\"column\">\n\t\t\t<div class=\"elementor-widget-wrap elementor-element-populated\">\n\t\t\t\t\t\t<div class=\"elementor-element elementor-element-376c122 elementor-widget elementor-widget-image\" data-id=\"376c122\" data-element_type=\"widget\" data-e-type=\"widget\" data-widget_type=\"image.default\">\n\t\t\t\t<div class=\"elementor-widget-container\">\n\t\t\t\t\t\t\t\t\t\t\t\t\t\t\t<img decoding=\"async\" width=\"254\" height=\"199\" src=\"https:\/\/permisdeconduceres.com\/wp-content\/uploads\/2020\/05\/6.jpg\" class=\"attachment-large size-large wp-image-52\" alt=\"vreau sa cumpar permis de conducere, cumpar permis de conducere\" \/>\t\t\t\t\t\t\t\t\t\t\t\t\t\t\t<\/div>\n\t\t\t\t<\/div>\n\t\t\t\t\t<\/div>\n\t\t<\/div>\n\t\t\t\t\t<\/div>\n\t\t<\/section>\n\t\t\t\t<section class=\"elementor-section elementor-top-section elementor-element elementor-element-ad4f12e elementor-section-boxed elementor-section-height-default elementor-section-height-default\" data-id=\"ad4f12e\" data-element_type=\"section\" data-e-type=\"section\">\n\t\t\t\t\t\t<div class=\"elementor-container elementor-column-gap-default\">\n\t\t\t\t\t<div class=\"elementor-column elementor-col-100 elementor-top-column elementor-element elementor-element-1dbfb9e\" data-id=\"1dbfb9e\" data-element_type=\"column\" data-e-type=\"column\">\n\t\t\t<div class=\"elementor-widget-wrap elementor-element-populated\">\n\t\t\t\t\t\t<div class=\"elementor-element elementor-element-b8d18a1 elementor-widget elementor-widget-text-editor\" data-id=\"b8d18a1\" data-element_type=\"widget\" data-e-type=\"widget\" data-widget_type=\"text-editor.default\">\n\t\t\t\t<div class=\"elementor-widget-container\">\n\t\t\t\t\t\t\t\t\t<p>Angaja\u021bii no\u0219tri sunt exper\u021bi din Rom\u00e2nia. Select\u0103m membrii echipei noastre pe baza talentului \u0219i influen\u021bei. Acestea includ agen\u021bii de aplicare a legii, exper\u021bi informatici, agen\u021bi de logistic\u0103 \u0219i personalul nostru de management al personalului. Aceast\u0103 echip\u0103 extins\u0103 men\u021bine fluxul de lucru continuu. Face\u021bi clic aici pentru a ne contacta \u0219i pentru a da o m\u0103rturie dup\u0103 service.<\/p>\t\t\t\t\t\t\t\t<\/div>\n\t\t\t\t<\/div>\n\t\t\t\t<div class=\"elementor-element elementor-element-602140e elementor-widget elementor-widget-button\" data-id=\"602140e\" data-element_type=\"widget\" data-e-type=\"widget\" data-widget_type=\"button.default\">\n\t\t\t\t<div class=\"elementor-widget-container\">\n\t\t\t\t\t\t\t\t\t<div class=\"elementor-button-wrapper\">\n\t\t\t\t\t<a class=\"elementor-button elementor-button-link elementor-size-sm elementor-animation-pulse-shrink\" href=\"https:\/\/ro.usembassy.gov\/u-s-citizen-services\/additional-resources-for-u-s-citizens\/driving-in-romania\/\">\n\t\t\t\t\t\t<span class=\"elementor-button-content-wrapper\">\n\t\t\t\t\t\t\t\t\t<span class=\"elementor-button-text\">dac\u0103 ave\u021bi o licen\u021b\u0103 de \u0219oferi din SUA, citi\u021bi aici despre cum s\u0103 o schimba\u021bi \u00een limba rom\u00e2n\u0103<\/span>\n\t\t\t\t\t<\/span>\n\t\t\t\t\t<\/a>\n\t\t\t\t<\/div>\n\t\t\t\t\t\t\t\t<\/div>\n\t\t\t\t<\/div>\n\t\t\t\t\t<\/div>\n\t\t<\/div>\n\t\t\t\t\t<\/div>\n\t\t<\/section>\n\t\t\t\t<section class=\"elementor-section elementor-top-section elementor-element elementor-element-7f449fb elementor-section-boxed elementor-section-height-default elementor-section-height-default\" data-id=\"7f449fb\" data-element_type=\"section\" data-e-type=\"section\">\n\t\t\t\t\t\t<div class=\"elementor-container elementor-column-gap-default\">\n\t\t\t\t\t<div class=\"elementor-column elementor-col-100 elementor-top-column elementor-element elementor-element-f7bafe6\" data-id=\"f7bafe6\" data-element_type=\"column\" data-e-type=\"column\">\n\t\t\t<div class=\"elementor-widget-wrap elementor-element-populated\">\n\t\t\t\t\t\t<div class=\"elementor-element elementor-element-249ed70 elementor-widget elementor-widget-wp-widget-wpforms-widget\" data-id=\"249ed70\" data-element_type=\"widget\" data-e-type=\"widget\" data-widget_type=\"wp-widget-wpforms-widget.default\">\n\t\t\t\t<div class=\"elementor-widget-container\">\n\t\t\t\t\t<div class=\"wpforms-container wpforms-container-full\" id=\"wpforms-24\"><form id=\"wpforms-form-24\" class=\"wpforms-validate wpforms-form\" data-formid=\"24\" method=\"post\" enctype=\"multipart\/form-data\" action=\"\/el\/wp-json\/wp\/v2\/pages\/7\" data-token=\"8d973a1666d263b3ea455ae1aa1af8d7\" data-token-time=\"1777149898\"><div class=\"wpforms-head-container\"><div class=\"wpforms-title\">Contacta\u021bi-ne aici:<\/div><\/div><noscript class=\"wpforms-error-noscript\">Please enable JavaScript in your browser to complete this form.<\/noscript><div class=\"wpforms-field-container\"><div id=\"wpforms-24-field_0-container\" class=\"wpforms-field wpforms-field-name\" data-field-id=\"0\"><label class=\"wpforms-field-label\" for=\"wpforms-24-field_0\">Nume <span class=\"wpforms-required-label\">*<\/span><\/label><input type=\"text\" id=\"wpforms-24-field_0\" class=\"wpforms-field-medium wpforms-field-required\" name=\"wpforms[fields][0]\" required><\/div><div id=\"wpforms-24-field_1-container\" class=\"wpforms-field wpforms-field-email\" data-field-id=\"1\"><label class=\"wpforms-field-label\" for=\"wpforms-24-field_1\">e-mail <span class=\"wpforms-required-label\">*<\/span><\/label><input type=\"email\" id=\"wpforms-24-field_1\" class=\"wpforms-field-medium wpforms-field-required\" name=\"wpforms[fields][1]\" spellcheck=\"false\" required><\/div><div id=\"wpforms-24-field_4-container\" class=\"wpforms-field wpforms-field-phone\" data-field-id=\"4\"><label class=\"wpforms-field-label\" for=\"wpforms-24-field_4\">Num\u0103r WhatsApp<\/label><input type=\"tel\" id=\"wpforms-24-field_4\" class=\"wpforms-field-medium wpforms-smart-phone-field\" data-rule-smart-phone-field=\"true\" name=\"wpforms[fields][4]\" aria-label=\"Num\u0103r WhatsApp\" ><\/div><div id=\"wpforms-24-field_2-container\" class=\"wpforms-field wpforms-field-textarea\" data-field-id=\"2\"><label class=\"wpforms-field-label\" for=\"wpforms-24-field_2\">mesaj <span class=\"wpforms-required-label\">*<\/span><\/label><textarea id=\"wpforms-24-field_2\" class=\"wpforms-field-medium wpforms-field-required\" name=\"wpforms[fields][2]\" required><\/textarea><\/div><\/div><!-- .wpforms-field-container --><div class=\"wpforms-field wpforms-field-hp\"><label for=\"wpforms-24-field-hp\" class=\"wpforms-field-label\">Message<\/label><input type=\"text\" name=\"wpforms[hp]\" id=\"wpforms-24-field-hp\" class=\"wpforms-field-medium\"><\/div><div class=\"wpforms-recaptcha-container wpforms-is-recaptcha wpforms-is-recaptcha-type-v2\" ><div class=\"g-recaptcha\" data-sitekey=\"6Ld79pMpAAAAAB3xA6qar-OXDer4c4MhglWPP4xY\"><\/div><input type=\"text\" name=\"g-recaptcha-hidden\" class=\"wpforms-recaptcha-hidden\" style=\"position:absolute!important;clip:rect(0,0,0,0)!important;height:1px!important;width:1px!important;border:0!important;overflow:hidden!important;padding:0!important;margin:0!important;\" data-rule-recaptcha=\"1\"><\/div><div class=\"wpforms-submit-container\" ><input type=\"hidden\" name=\"wpforms[id]\" value=\"24\"><input type=\"hidden\" name=\"page_title\" value=\"\"><input type=\"hidden\" name=\"page_url\" value=\"https:\/\/permisdeconduceres.com\/el\/wp-json\/wp\/v2\/pages\/7\"><button type=\"submit\" name=\"wpforms[submit]\" id=\"wpforms-submit-24\" class=\"wpforms-submit\" data-alt-text=\"Se trimite ...\" data-submit-text=\"prezenta\" aria-live=\"assertive\" value=\"wpforms-submit\">prezenta<\/button><\/div><\/form><\/div>  <!-- .wpforms-container -->\t\t\t\t<\/div>\n\t\t\t\t<\/div>\n\t\t\t\t\t<\/div>\n\t\t<\/div>\n\t\t\t\t\t<\/div>\n\t\t<\/section>\n\t\t\t\t<\/div>\n\t\t","protected":false},"excerpt":{"rendered":"<p>Suntem un magazin online unde pute\u021bi cump\u0103ra permis de conducere, cump\u0103ra un pa\u0219aport, cump\u0103ra\u021bi o carte de identitate fals\u0103 \u0219i pute\u021bi cump\u0103ra un permis de \u0219edere. cine suntem: Din 2009 producem \u0219i distribuim permisul de conducere rom\u00e2nesc, pa\u0219aportul rom\u00e2nesc, c\u0103r\u021bi de \u0219edere rom\u00e2ne\u0219ti \u0219i c\u0103r\u021bi de identitate false. Clien\u021bii no\u0219tri ne contacteaz\u0103 \u00een mod regulat [&hellip;]<\/p>\n","protected":false},"author":1,"featured_media":0,"parent":0,"menu_order":0,"comment_status":"closed","ping_status":"closed","template":"","meta":{"footnotes":""},"class_list":["post-7","page","type-page","status-publish","hentry"],"yoast_head":"<!-- This site is optimized with the Yoast SEO plugin v27.2 - https:\/\/yoast.com\/product\/yoast-seo-wordpress\/ -->\n<title>Despre noi - Cump\u0103ra\u021bi permis de conducere<\/title>\n<meta name=\"robots\" content=\"index, follow, max-snippet:-1, max-image-preview:large, max-video-preview:-1\" \/>\n<link rel=\"canonical\" href=\"https:\/\/permisdeconduceres.com\/el\/\u03b3\u03b9\u03b1-\u03b5\u03bc\u03ac\u03c2\/\" \/>\n<meta property=\"og:locale\" content=\"el_GR\" \/>\n<meta property=\"og:type\" content=\"article\" \/>\n<meta property=\"og:title\" content=\"Despre noi - Cump\u0103ra\u021bi permis de conducere\" \/>\n<meta property=\"og:description\" content=\"Suntem un magazin online unde pute\u021bi cump\u0103ra permis de conducere, cump\u0103ra un pa\u0219aport, cump\u0103ra\u021bi o carte de identitate fals\u0103 \u0219i pute\u021bi cump\u0103ra un permis de \u0219edere. cine suntem: Din 2009 producem \u0219i distribuim permisul de conducere rom\u00e2nesc, pa\u0219aportul rom\u00e2nesc, c\u0103r\u021bi de \u0219edere rom\u00e2ne\u0219ti \u0219i c\u0103r\u021bi de identitate false. Clien\u021bii no\u0219tri ne contacteaz\u0103 \u00een mod regulat [&hellip;]\" \/>\n<meta property=\"og:url\" content=\"https:\/\/permisdeconduceres.com\/el\/\u03b3\u03b9\u03b1-\u03b5\u03bc\u03ac\u03c2\/\" \/>\n<meta property=\"og:site_name\" content=\"Cump\u0103ra\u021bi permis de conducere\" \/>\n<meta property=\"article:modified_time\" content=\"2020-05-20T10:50:25+00:00\" \/>\n<meta property=\"og:image\" content=\"https:\/\/permisdeconduceres.com\/wp-content\/uploads\/2020\/05\/7.jpg\" \/>\n<meta name=\"twitter:card\" content=\"summary_large_image\" \/>\n<meta name=\"twitter:label1\" content=\"\u0395\u03ba\u03c4\u03b9\u03bc\u03ce\u03bc\u03b5\u03bd\u03bf\u03c2 \u03c7\u03c1\u03cc\u03bd\u03bf\u03c2 \u03b1\u03bd\u03ac\u03b3\u03bd\u03c9\u03c3\u03b7\u03c2\" \/>\n\t<meta name=\"twitter:data1\" content=\"2 \u03bb\u03b5\u03c0\u03c4\u03ac\" \/>\n<script type=\"application\/ld+json\" class=\"yoast-schema-graph\">{\"@context\":\"https:\/\/schema.org\",\"@graph\":[{\"@type\":\"WebPage\",\"@id\":\"https:\/\/permisdeconduceres.com\/despre-noi\/\",\"url\":\"https:\/\/permisdeconduceres.com\/despre-noi\/\",\"name\":\"Despre noi - Cump\u0103ra\u021bi permis de conducere\",\"isPartOf\":{\"@id\":\"https:\/\/permisdeconduceres.com\/#website\"},\"primaryImageOfPage\":{\"@id\":\"https:\/\/permisdeconduceres.com\/despre-noi\/#primaryimage\"},\"image\":{\"@id\":\"https:\/\/permisdeconduceres.com\/despre-noi\/#primaryimage\"},\"thumbnailUrl\":\"https:\/\/permisdeconduceres.com\/wp-content\/uploads\/2020\/05\/7.jpg\",\"datePublished\":\"2020-05-20T02:55:55+00:00\",\"dateModified\":\"2020-05-20T10:50:25+00:00\",\"breadcrumb\":{\"@id\":\"https:\/\/permisdeconduceres.com\/despre-noi\/#breadcrumb\"},\"inLanguage\":\"el\",\"potentialAction\":[{\"@type\":\"ReadAction\",\"target\":[\"https:\/\/permisdeconduceres.com\/despre-noi\/\"]}]},{\"@type\":\"ImageObject\",\"inLanguage\":\"el\",\"@id\":\"https:\/\/permisdeconduceres.com\/despre-noi\/#primaryimage\",\"url\":\"https:\/\/permisdeconduceres.com\/wp-content\/uploads\/2020\/05\/7.jpg\",\"contentUrl\":\"https:\/\/permisdeconduceres.com\/wp-content\/uploads\/2020\/05\/7.jpg\"},{\"@type\":\"BreadcrumbList\",\"@id\":\"https:\/\/permisdeconduceres.com\/despre-noi\/#breadcrumb\",\"itemListElement\":[{\"@type\":\"ListItem\",\"position\":1,\"name\":\"Home\",\"item\":\"https:\/\/permisdeconduceres.com\/\"},{\"@type\":\"ListItem\",\"position\":2,\"name\":\"Despre noi\"}]},{\"@type\":\"WebSite\",\"@id\":\"https:\/\/permisdeconduceres.com\/#website\",\"url\":\"https:\/\/permisdeconduceres.com\/\",\"name\":\"Cump\u0103ra\u021bi permis de conducere\",\"description\":\"Ob\u021bine\u021bi permisul de \u0219ofer livrat \u00een 5 zile\",\"potentialAction\":[{\"@type\":\"SearchAction\",\"target\":{\"@type\":\"EntryPoint\",\"urlTemplate\":\"https:\/\/permisdeconduceres.com\/?s={search_term_string}\"},\"query-input\":{\"@type\":\"PropertyValueSpecification\",\"valueRequired\":true,\"valueName\":\"search_term_string\"}}],\"inLanguage\":\"el\"}]}<\/script>\n<!-- \/ Yoast SEO plugin. -->","yoast_head_json":{"title":"\u03a3\u03c7\u03b5\u03c4\u03b9\u03ba\u03ac \u03bc\u03b5 \u03b5\u03bc\u03ac\u03c2 - \u0391\u03b3\u03bf\u03c1\u03ac \u03ac\u03b4\u03b5\u03b9\u03b1\u03c2 \u03bf\u03b4\u03ae\u03b3\u03b7\u03c3\u03b7\u03c2","robots":{"index":"index","follow":"follow","max-snippet":"max-snippet:-1","max-image-preview":"max-image-preview:large","max-video-preview":"max-video-preview:-1"},"canonical":"https:\/\/permisdeconduceres.com\/el\/\u03b3\u03b9\u03b1-\u03b5\u03bc\u03ac\u03c2\/","og_locale":"el_GR","og_type":"article","og_title":"Despre noi - Cump\u0103ra\u021bi permis de conducere","og_description":"Suntem un magazin online unde pute\u021bi cump\u0103ra permis de conducere, cump\u0103ra un pa\u0219aport, cump\u0103ra\u021bi o carte de identitate fals\u0103 \u0219i pute\u021bi cump\u0103ra un permis de \u0219edere. cine suntem: Din 2009 producem \u0219i distribuim permisul de conducere rom\u00e2nesc, pa\u0219aportul rom\u00e2nesc, c\u0103r\u021bi de \u0219edere rom\u00e2ne\u0219ti \u0219i c\u0103r\u021bi de identitate false. Clien\u021bii no\u0219tri ne contacteaz\u0103 \u00een mod regulat [&hellip;]","og_url":"https:\/\/permisdeconduceres.com\/el\/\u03b3\u03b9\u03b1-\u03b5\u03bc\u03ac\u03c2\/","og_site_name":"Cump\u0103ra\u021bi permis de conducere","article_modified_time":"2020-05-20T10:50:25+00:00","og_image":[{"url":"https:\/\/permisdeconduceres.com\/wp-content\/uploads\/2020\/05\/7.jpg","type":"","width":"","height":""}],"twitter_card":"summary_large_image","twitter_misc":{"\u0395\u03ba\u03c4\u03b9\u03bc\u03ce\u03bc\u03b5\u03bd\u03bf\u03c2 \u03c7\u03c1\u03cc\u03bd\u03bf\u03c2 \u03b1\u03bd\u03ac\u03b3\u03bd\u03c9\u03c3\u03b7\u03c2":"2 \u03bb\u03b5\u03c0\u03c4\u03ac"},"schema":{"@context":"https:\/\/schema.org","@graph":[{"@type":"WebPage","@id":"https:\/\/permisdeconduceres.com\/despre-noi\/","url":"https:\/\/permisdeconduceres.com\/despre-noi\/","name":"\u03a3\u03c7\u03b5\u03c4\u03b9\u03ba\u03ac \u03bc\u03b5 \u03b5\u03bc\u03ac\u03c2 - \u0391\u03b3\u03bf\u03c1\u03ac \u03ac\u03b4\u03b5\u03b9\u03b1\u03c2 \u03bf\u03b4\u03ae\u03b3\u03b7\u03c3\u03b7\u03c2","isPartOf":{"@id":"https:\/\/permisdeconduceres.com\/#website"},"primaryImageOfPage":{"@id":"https:\/\/permisdeconduceres.com\/despre-noi\/#primaryimage"},"image":{"@id":"https:\/\/permisdeconduceres.com\/despre-noi\/#primaryimage"},"thumbnailUrl":"https:\/\/permisdeconduceres.com\/wp-content\/uploads\/2020\/05\/7.jpg","datePublished":"2020-05-20T02:55:55+00:00","dateModified":"2020-05-20T10:50:25+00:00","breadcrumb":{"@id":"https:\/\/permisdeconduceres.com\/despre-noi\/#breadcrumb"},"inLanguage":"el","potentialAction":[{"@type":"ReadAction","target":["https:\/\/permisdeconduceres.com\/despre-noi\/"]}]},{"@type":"ImageObject","inLanguage":"el","@id":"https:\/\/permisdeconduceres.com\/despre-noi\/#primaryimage","url":"https:\/\/permisdeconduceres.com\/wp-content\/uploads\/2020\/05\/7.jpg","contentUrl":"https:\/\/permisdeconduceres.com\/wp-content\/uploads\/2020\/05\/7.jpg"},{"@type":"BreadcrumbList","@id":"https:\/\/permisdeconduceres.com\/despre-noi\/#breadcrumb","itemListElement":[{"@type":"ListItem","position":1,"name":"Home","item":"https:\/\/permisdeconduceres.com\/"},{"@type":"ListItem","position":2,"name":"Despre noi"}]},{"@type":"WebSite","@id":"https:\/\/permisdeconduceres.com\/#website","url":"https:\/\/permisdeconduceres.com\/","name":"\u0391\u03b3\u03bf\u03c1\u03ac\u03c3\u03c4\u03b5 \u03ac\u03b4\u03b5\u03b9\u03b1 \u03bf\u03b4\u03ae\u03b3\u03b7\u03c3\u03b7\u03c2","description":"\u03a0\u03b1\u03c1\u03ac\u03b4\u03bf\u03c3\u03b7 \u03c4\u03b7\u03c2 \u03ac\u03b4\u03b5\u03b9\u03b1\u03c2 \u03bf\u03b4\u03ae\u03b3\u03b7\u03c3\u03b7\u03c2 \u03c3\u03b5 5 \u03b7\u03bc\u03ad\u03c1\u03b5\u03c2","potentialAction":[{"@type":"SearchAction","target":{"@type":"EntryPoint","urlTemplate":"https:\/\/permisdeconduceres.com\/?s={search_term_string}"},"query-input":{"@type":"PropertyValueSpecification","valueRequired":true,"valueName":"search_term_string"}}],"inLanguage":"el"}]}},"_links":{"self":[{"href":"https:\/\/permisdeconduceres.com\/el\/wp-json\/wp\/v2\/pages\/7","targetHints":{"allow":["GET"]}}],"collection":[{"href":"https:\/\/permisdeconduceres.com\/el\/wp-json\/wp\/v2\/pages"}],"about":[{"href":"https:\/\/permisdeconduceres.com\/el\/wp-json\/wp\/v2\/types\/page"}],"author":[{"embeddable":true,"href":"https:\/\/permisdeconduceres.com\/el\/wp-json\/wp\/v2\/users\/1"}],"replies":[{"embeddable":true,"href":"https:\/\/permisdeconduceres.com\/el\/wp-json\/wp\/v2\/comments?post=7"}],"version-history":[{"count":4,"href":"https:\/\/permisdeconduceres.com\/el\/wp-json\/wp\/v2\/pages\/7\/revisions"}],"predecessor-version":[{"id":56,"href":"https:\/\/permisdeconduceres.com\/el\/wp-json\/wp\/v2\/pages\/7\/revisions\/56"}],"wp:attachment":[{"href":"https:\/\/permisdeconduceres.com\/el\/wp-json\/wp\/v2\/media?parent=7"}],"curies":[{"name":"\u03b5\u03c1\u03b3\u03b1\u03c3\u03af\u03b1","href":"https:\/\/api.w.org\/{rel}","templated":true}]}}