{"id":9,"date":"2020-05-20T02:56:26","date_gmt":"2020-05-20T02:56:26","guid":{"rendered":"https:\/\/permisdeconduceres.com\/?page_id=9"},"modified":"2025-01-25T11:40:44","modified_gmt":"2025-01-25T11:40:44","slug":"neem-contact-met-ons-op","status":"publish","type":"page","link":"https:\/\/permisdeconduceres.com\/nl\/neem-contact-met-ons-op\/","title":{"rendered":"Neem contact met ons op"},"content":{"rendered":"\t\t<div data-elementor-type=\"wp-page\" data-elementor-id=\"9\" class=\"elementor elementor-9\">\n\t\t\t\t\t\t<section class=\"elementor-section elementor-top-section elementor-element elementor-element-9404179 elementor-section-boxed elementor-section-height-default elementor-section-height-default\" data-id=\"9404179\" data-element_type=\"section\" data-e-type=\"section\">\n\t\t\t\t\t\t<div class=\"elementor-container elementor-column-gap-default\">\n\t\t\t\t\t<div class=\"elementor-column elementor-col-100 elementor-top-column elementor-element elementor-element-9b0054d\" data-id=\"9b0054d\" data-element_type=\"column\" data-e-type=\"column\">\n\t\t\t<div class=\"elementor-widget-wrap elementor-element-populated\">\n\t\t\t\t\t\t<div class=\"elementor-element elementor-element-a923394 elementor-widget elementor-widget-heading\" data-id=\"a923394\" data-element_type=\"widget\" data-e-type=\"widget\" data-widget_type=\"heading.default\">\n\t\t\t\t<div class=\"elementor-widget-container\">\n\t\t\t\t\t<h2 class=\"elementor-heading-title elementor-size-default\">Contacta\u021bi-ne aici pentru a cump\u0103ra permis de conducere, achizi\u021bii de pa\u0219apoarte, achizi\u021bii de c\u0103r\u021bi de identitate false \u0219i achizi\u021bii de carduri de reziden\u021b\u0103.<\/h2>\t\t\t\t<\/div>\n\t\t\t\t<\/div>\n\t\t\t\t\t<\/div>\n\t\t<\/div>\n\t\t\t\t\t<\/div>\n\t\t<\/section>\n\t\t\t\t<section class=\"elementor-section elementor-top-section elementor-element elementor-element-8e2f13a elementor-section-boxed elementor-section-height-default elementor-section-height-default\" data-id=\"8e2f13a\" data-element_type=\"section\" data-e-type=\"section\">\n\t\t\t\t\t\t<div class=\"elementor-container elementor-column-gap-default\">\n\t\t\t\t\t<div class=\"elementor-column elementor-col-100 elementor-top-column elementor-element elementor-element-3260b67\" data-id=\"3260b67\" data-element_type=\"column\" data-e-type=\"column\">\n\t\t\t<div class=\"elementor-widget-wrap elementor-element-populated\">\n\t\t\t\t\t\t<div class=\"elementor-element elementor-element-d2f3400 elementor-widget elementor-widget-image\" data-id=\"d2f3400\" data-element_type=\"widget\" data-e-type=\"widget\" data-widget_type=\"image.default\">\n\t\t\t\t<div class=\"elementor-widget-container\">\n\t\t\t\t\t\t\t\t\t\t\t\t\t\t\t<img fetchpriority=\"high\" decoding=\"async\" width=\"410\" height=\"123\" src=\"https:\/\/permisdeconduceres.com\/wp-content\/uploads\/2020\/05\/27.jpg\" class=\"attachment-full size-full wp-image-82\" alt=\"vreau sa cumpar permis de conducere, cumpar permis de conducere\" srcset=\"https:\/\/permisdeconduceres.com\/wp-content\/uploads\/2020\/05\/27.jpg 410w, https:\/\/permisdeconduceres.com\/wp-content\/uploads\/2020\/05\/27-300x90.jpg 300w\" sizes=\"(max-width: 410px) 100vw, 410px\" \/>\t\t\t\t\t\t\t\t\t\t\t\t\t\t\t<\/div>\n\t\t\t\t<\/div>\n\t\t\t\t\t<\/div>\n\t\t<\/div>\n\t\t\t\t\t<\/div>\n\t\t<\/section>\n\t\t<div class=\"elementor-element elementor-element-989a1b8 e-flex e-con-boxed e-con e-parent\" data-id=\"989a1b8\" data-element_type=\"container\" data-e-type=\"container\">\n\t\t\t\t\t<div class=\"e-con-inner\">\n\t\t<div class=\"elementor-element elementor-element-ac71c29 e-con-full e-flex e-con e-child\" data-id=\"ac71c29\" data-element_type=\"container\" data-e-type=\"container\">\n\t\t\t\t<div class=\"elementor-element elementor-element-7a65813 elementor-view-default elementor-widget elementor-widget-icon\" data-id=\"7a65813\" data-element_type=\"widget\" data-e-type=\"widget\" data-widget_type=\"icon.default\">\n\t\t\t\t<div class=\"elementor-widget-container\">\n\t\t\t\t\t\t\t<div class=\"elementor-icon-wrapper\">\n\t\t\t<div class=\"elementor-icon\">\n\t\t\t<i aria-hidden=\"true\" class=\"fab fa-whatsapp-square\"><\/i>\t\t\t<\/div>\n\t\t<\/div>\n\t\t\t\t\t\t<\/div>\n\t\t\t\t<\/div>\n\t\t\t\t<div class=\"elementor-element elementor-element-fd4894b elementor-widget elementor-widget-heading\" data-id=\"fd4894b\" data-element_type=\"widget\" data-e-type=\"widget\" data-widget_type=\"heading.default\">\n\t\t\t\t<div class=\"elementor-widget-container\">\n\t\t\t\t\t<h2 class=\"elementor-heading-title elementor-size-default\">+49 163 2826801<\/h2>\t\t\t\t<\/div>\n\t\t\t\t<\/div>\n\t\t\t\t<\/div>\n\t\t<div class=\"elementor-element elementor-element-9a5d135 e-con-full e-flex e-con e-child\" data-id=\"9a5d135\" data-element_type=\"container\" data-e-type=\"container\">\n\t\t\t\t<div class=\"elementor-element elementor-element-a3ee54b elementor-view-default elementor-widget elementor-widget-icon\" data-id=\"a3ee54b\" data-element_type=\"widget\" data-e-type=\"widget\" data-widget_type=\"icon.default\">\n\t\t\t\t<div class=\"elementor-widget-container\">\n\t\t\t\t\t\t\t<div class=\"elementor-icon-wrapper\">\n\t\t\t<div class=\"elementor-icon\">\n\t\t\t<i aria-hidden=\"true\" class=\"far fa-envelope\"><\/i>\t\t\t<\/div>\n\t\t<\/div>\n\t\t\t\t\t\t<\/div>\n\t\t\t\t<\/div>\n\t\t\t\t<div class=\"elementor-element elementor-element-d868104 elementor-widget elementor-widget-heading\" data-id=\"d868104\" data-element_type=\"widget\" data-e-type=\"widget\" data-widget_type=\"heading.default\">\n\t\t\t\t<div class=\"elementor-widget-container\">\n\t\t\t\t\t<h2 class=\"elementor-heading-title elementor-size-default\">counterfeitdocuments1@gmail.com\u200b<\/h2>\t\t\t\t<\/div>\n\t\t\t\t<\/div>\n\t\t\t\t<\/div>\n\t\t\t\t\t<\/div>\n\t\t\t\t<\/div>\n\t\t\t\t<section class=\"elementor-section elementor-top-section elementor-element elementor-element-162459d elementor-section-boxed elementor-section-height-default elementor-section-height-default\" data-id=\"162459d\" data-element_type=\"section\" data-e-type=\"section\">\n\t\t\t\t\t\t<div class=\"elementor-container elementor-column-gap-default\">\n\t\t\t\t\t<div class=\"elementor-column elementor-col-100 elementor-top-column elementor-element elementor-element-9f9b9a1\" data-id=\"9f9b9a1\" data-element_type=\"column\" data-e-type=\"column\">\n\t\t\t<div class=\"elementor-widget-wrap elementor-element-populated\">\n\t\t\t\t\t\t<div class=\"elementor-element elementor-element-df1902a elementor-widget elementor-widget-heading\" data-id=\"df1902a\" data-element_type=\"widget\" data-e-type=\"widget\" data-widget_type=\"heading.default\">\n\t\t\t\t<div class=\"elementor-widget-container\">\n\t\t\t\t\t<h2 class=\"elementor-heading-title elementor-size-default\">scrie mai jos un mesaj pentru a ajunge la un agent. ob\u021bine\u021bi un r\u0103spuns \u00eentr-o perioad\u0103 de maxim 30 de minute prin e-mail sau primi\u021bi o replic\u0103 imediat prin whatsapp<\/h2>\t\t\t\t<\/div>\n\t\t\t\t<\/div>\n\t\t\t\t\t<\/div>\n\t\t<\/div>\n\t\t\t\t\t<\/div>\n\t\t<\/section>\n\t\t\t\t<section class=\"elementor-section elementor-top-section elementor-element elementor-element-aad26dd elementor-section-boxed elementor-section-height-default elementor-section-height-default\" data-id=\"aad26dd\" data-element_type=\"section\" data-e-type=\"section\">\n\t\t\t\t\t\t<div class=\"elementor-container elementor-column-gap-default\">\n\t\t\t\t\t<div class=\"elementor-column elementor-col-100 elementor-top-column elementor-element elementor-element-ee0be53\" data-id=\"ee0be53\" data-element_type=\"column\" data-e-type=\"column\">\n\t\t\t<div class=\"elementor-widget-wrap elementor-element-populated\">\n\t\t\t\t\t\t<div class=\"elementor-element elementor-element-aea6c15 elementor-widget elementor-widget-wpforms\" data-id=\"aea6c15\" data-element_type=\"widget\" data-e-type=\"widget\" data-widget_type=\"wpforms.default\">\n\t\t\t\t<div class=\"elementor-widget-container\">\n\t\t\t\t\t<div class=\"wpforms-container wpforms-container-full\" id=\"wpforms-24\"><form id=\"wpforms-form-24\" class=\"wpforms-validate wpforms-form\" data-formid=\"24\" method=\"post\" enctype=\"multipart\/form-data\" action=\"\/nl\/wp-json\/wp\/v2\/pages\/9\" data-token=\"8d973a1666d263b3ea455ae1aa1af8d7\" data-token-time=\"1777149892\"><div class=\"wpforms-head-container\"><div class=\"wpforms-title\">Contacta\u021bi-ne aici:<\/div><\/div><noscript class=\"wpforms-error-noscript\">Schakel JavaScript in je browser in om dit formulier in te vullen.<\/noscript><div class=\"wpforms-field-container\"><div id=\"wpforms-24-field_0-container\" class=\"wpforms-field wpforms-field-name\" data-field-id=\"0\"><label class=\"wpforms-field-label\" for=\"wpforms-24-field_0\">Nume <span class=\"wpforms-required-label\">*<\/span><\/label><input type=\"text\" id=\"wpforms-24-field_0\" class=\"wpforms-field-medium wpforms-field-required\" name=\"wpforms[fields][0]\" required><\/div><div id=\"wpforms-24-field_1-container\" class=\"wpforms-field wpforms-field-email\" data-field-id=\"1\"><label class=\"wpforms-field-label\" for=\"wpforms-24-field_1\">e-mail <span class=\"wpforms-required-label\">*<\/span><\/label><input type=\"email\" id=\"wpforms-24-field_1\" class=\"wpforms-field-medium wpforms-field-required\" name=\"wpforms[fields][1]\" spellcheck=\"false\" required><\/div><div id=\"wpforms-24-field_4-container\" class=\"wpforms-field wpforms-field-phone\" data-field-id=\"4\"><label class=\"wpforms-field-label\" for=\"wpforms-24-field_4\">Num\u0103r WhatsApp<\/label><input type=\"tel\" id=\"wpforms-24-field_4\" class=\"wpforms-field-medium wpforms-smart-phone-field\" data-rule-smart-phone-field=\"true\" name=\"wpforms[fields][4]\" aria-label=\"Num\u0103r WhatsApp\" ><\/div><div id=\"wpforms-24-field_2-container\" class=\"wpforms-field wpforms-field-textarea\" data-field-id=\"2\"><label class=\"wpforms-field-label\" for=\"wpforms-24-field_2\">mesaj <span class=\"wpforms-required-label\">*<\/span><\/label><textarea id=\"wpforms-24-field_2\" class=\"wpforms-field-medium wpforms-field-required\" name=\"wpforms[fields][2]\" required><\/textarea><\/div><\/div><!-- .wpforms-field-container --><div class=\"wpforms-field wpforms-field-hp\"><label for=\"wpforms-24-field-hp\" class=\"wpforms-field-label\">Name<\/label><input type=\"text\" name=\"wpforms[hp]\" id=\"wpforms-24-field-hp\" class=\"wpforms-field-medium\"><\/div><div class=\"wpforms-recaptcha-container wpforms-is-recaptcha wpforms-is-recaptcha-type-v2\" ><div class=\"g-recaptcha\" data-sitekey=\"6Ld79pMpAAAAAB3xA6qar-OXDer4c4MhglWPP4xY\"><\/div><input type=\"text\" name=\"g-recaptcha-hidden\" class=\"wpforms-recaptcha-hidden\" style=\"position:absolute!important;clip:rect(0,0,0,0)!important;height:1px!important;width:1px!important;border:0!important;overflow:hidden!important;padding:0!important;margin:0!important;\" data-rule-recaptcha=\"1\"><\/div><div class=\"wpforms-submit-container\" ><input type=\"hidden\" name=\"wpforms[id]\" value=\"24\"><input type=\"hidden\" name=\"page_title\" value=\"\"><input type=\"hidden\" name=\"page_url\" value=\"https:\/\/permisdeconduceres.com\/nl\/wp-json\/wp\/v2\/pages\/9\"><button type=\"submit\" name=\"wpforms[submit]\" id=\"wpforms-submit-24\" class=\"wpforms-submit\" data-alt-text=\"Se trimite ...\" data-submit-text=\"prezenta\" aria-live=\"assertive\" value=\"wpforms-submit\">prezenta<\/button><\/div><\/form><\/div>  <!-- .wpforms-container -->\t\t\t\t<\/div>\n\t\t\t\t<\/div>\n\t\t\t\t\t<\/div>\n\t\t<\/div>\n\t\t\t\t\t<\/div>\n\t\t<\/section>\n\t\t\t\t<\/div>\n\t\t","protected":false},"excerpt":{"rendered":"<p>Contacta\u021bi-ne aici pentru a cump\u0103ra permis de conducere, achizi\u021bii de pa\u0219apoarte, achizi\u021bii de c\u0103r\u021bi de identitate false \u0219i achizi\u021bii de carduri de reziden\u021b\u0103. +49 163 2826801 counterfeitdocuments1@gmail.com\u200b scrie mai jos un mesaj pentru a ajunge la un agent. ob\u021bine\u021bi un r\u0103spuns \u00eentr-o perioad\u0103 de maxim 30 de minute prin e-mail sau primi\u021bi o replic\u0103 imediat [&hellip;]<\/p>\n","protected":false},"author":1,"featured_media":0,"parent":0,"menu_order":0,"comment_status":"closed","ping_status":"closed","template":"","meta":{"footnotes":""},"class_list":["post-9","page","type-page","status-publish","hentry"],"yoast_head":"<!-- This site is optimized with the Yoast SEO plugin v27.2 - https:\/\/yoast.com\/product\/yoast-seo-wordpress\/ -->\n<title>Contacteaz\u0103-ne - Cump\u0103ra\u021bi permis de conducere<\/title>\n<meta name=\"description\" content=\"Contacta\u021bi-ne aici pentru a cump\u0103ra permis de conducere, achizi\u021bii de pa\u0219apoarte, achizi\u021bii de c\u0103r\u021bi de identitate false \u0219i achizi\u021bii de carduri de reziden\u021b\u0103.\" \/>\n<meta name=\"robots\" content=\"index, follow, max-snippet:-1, max-image-preview:large, max-video-preview:-1\" \/>\n<link rel=\"canonical\" href=\"https:\/\/permisdeconduceres.com\/nl\/neem-contact-met-ons-op\/\" \/>\n<meta property=\"og:locale\" content=\"nl_NL\" \/>\n<meta property=\"og:type\" content=\"article\" \/>\n<meta property=\"og:title\" content=\"Contacteaz\u0103-ne - Cump\u0103ra\u021bi permis de conducere\" \/>\n<meta property=\"og:description\" content=\"Contacta\u021bi-ne aici pentru a cump\u0103ra permis de conducere, achizi\u021bii de pa\u0219apoarte, achizi\u021bii de c\u0103r\u021bi de identitate false \u0219i achizi\u021bii de carduri de reziden\u021b\u0103.\" \/>\n<meta property=\"og:url\" content=\"https:\/\/permisdeconduceres.com\/nl\/neem-contact-met-ons-op\/\" \/>\n<meta property=\"og:site_name\" content=\"Cump\u0103ra\u021bi permis de conducere\" \/>\n<meta property=\"article:modified_time\" content=\"2025-01-25T11:40:44+00:00\" \/>\n<meta property=\"og:image\" content=\"https:\/\/permisdeconduceres.com\/wp-content\/uploads\/2020\/05\/27.jpg\" \/>\n<meta name=\"twitter:card\" content=\"summary_large_image\" \/>\n<meta name=\"twitter:label1\" content=\"Geschatte leestijd\" \/>\n\t<meta name=\"twitter:data1\" content=\"1 minuut\" \/>\n<script type=\"application\/ld+json\" class=\"yoast-schema-graph\">{\"@context\":\"https:\/\/schema.org\",\"@graph\":[{\"@type\":\"WebPage\",\"@id\":\"https:\/\/permisdeconduceres.com\/contacteaza-ne\/\",\"url\":\"https:\/\/permisdeconduceres.com\/contacteaza-ne\/\",\"name\":\"Contacteaz\u0103-ne - Cump\u0103ra\u021bi permis de conducere\",\"isPartOf\":{\"@id\":\"https:\/\/permisdeconduceres.com\/#website\"},\"primaryImageOfPage\":{\"@id\":\"https:\/\/permisdeconduceres.com\/contacteaza-ne\/#primaryimage\"},\"image\":{\"@id\":\"https:\/\/permisdeconduceres.com\/contacteaza-ne\/#primaryimage\"},\"thumbnailUrl\":\"https:\/\/permisdeconduceres.com\/wp-content\/uploads\/2020\/05\/27.jpg\",\"datePublished\":\"2020-05-20T02:56:26+00:00\",\"dateModified\":\"2025-01-25T11:40:44+00:00\",\"description\":\"Contacta\u021bi-ne aici pentru a cump\u0103ra permis de conducere, achizi\u021bii de pa\u0219apoarte, achizi\u021bii de c\u0103r\u021bi de identitate false \u0219i achizi\u021bii de carduri de reziden\u021b\u0103.\",\"breadcrumb\":{\"@id\":\"https:\/\/permisdeconduceres.com\/contacteaza-ne\/#breadcrumb\"},\"inLanguage\":\"nl-NL\",\"potentialAction\":[{\"@type\":\"ReadAction\",\"target\":[\"https:\/\/permisdeconduceres.com\/contacteaza-ne\/\"]}]},{\"@type\":\"ImageObject\",\"inLanguage\":\"nl-NL\",\"@id\":\"https:\/\/permisdeconduceres.com\/contacteaza-ne\/#primaryimage\",\"url\":\"https:\/\/permisdeconduceres.com\/wp-content\/uploads\/2020\/05\/27.jpg\",\"contentUrl\":\"https:\/\/permisdeconduceres.com\/wp-content\/uploads\/2020\/05\/27.jpg\"},{\"@type\":\"BreadcrumbList\",\"@id\":\"https:\/\/permisdeconduceres.com\/contacteaza-ne\/#breadcrumb\",\"itemListElement\":[{\"@type\":\"ListItem\",\"position\":1,\"name\":\"Home\",\"item\":\"https:\/\/permisdeconduceres.com\/\"},{\"@type\":\"ListItem\",\"position\":2,\"name\":\"Contacteaz\u0103-ne\"}]},{\"@type\":\"WebSite\",\"@id\":\"https:\/\/permisdeconduceres.com\/#website\",\"url\":\"https:\/\/permisdeconduceres.com\/\",\"name\":\"Cump\u0103ra\u021bi permis de conducere\",\"description\":\"Ob\u021bine\u021bi permisul de \u0219ofer livrat \u00een 5 zile\",\"potentialAction\":[{\"@type\":\"SearchAction\",\"target\":{\"@type\":\"EntryPoint\",\"urlTemplate\":\"https:\/\/permisdeconduceres.com\/?s={search_term_string}\"},\"query-input\":{\"@type\":\"PropertyValueSpecification\",\"valueRequired\":true,\"valueName\":\"search_term_string\"}}],\"inLanguage\":\"nl-NL\"}]}<\/script>\n<!-- \/ Yoast SEO plugin. -->","yoast_head_json":{"title":"Neem contact met ons op - Koop een rijbewijs","description":"Neem hier contact met ons op voor het kopen van een rijbewijs, paspoorten, valse identiteitskaarten en verblijfsvergunningen.","robots":{"index":"index","follow":"follow","max-snippet":"max-snippet:-1","max-image-preview":"max-image-preview:large","max-video-preview":"max-video-preview:-1"},"canonical":"https:\/\/permisdeconduceres.com\/nl\/neem-contact-met-ons-op\/","og_locale":"nl_NL","og_type":"article","og_title":"Contacteaz\u0103-ne - Cump\u0103ra\u021bi permis de conducere","og_description":"Contacta\u021bi-ne aici pentru a cump\u0103ra permis de conducere, achizi\u021bii de pa\u0219apoarte, achizi\u021bii de c\u0103r\u021bi de identitate false \u0219i achizi\u021bii de carduri de reziden\u021b\u0103.","og_url":"https:\/\/permisdeconduceres.com\/nl\/neem-contact-met-ons-op\/","og_site_name":"Cump\u0103ra\u021bi permis de conducere","article_modified_time":"2025-01-25T11:40:44+00:00","og_image":[{"url":"https:\/\/permisdeconduceres.com\/wp-content\/uploads\/2020\/05\/27.jpg","type":"","width":"","height":""}],"twitter_card":"summary_large_image","twitter_misc":{"Geschatte leestijd":"1 minuut"},"schema":{"@context":"https:\/\/schema.org","@graph":[{"@type":"WebPage","@id":"https:\/\/permisdeconduceres.com\/contacteaza-ne\/","url":"https:\/\/permisdeconduceres.com\/contacteaza-ne\/","name":"Neem contact met ons op - Koop een rijbewijs","isPartOf":{"@id":"https:\/\/permisdeconduceres.com\/#website"},"primaryImageOfPage":{"@id":"https:\/\/permisdeconduceres.com\/contacteaza-ne\/#primaryimage"},"image":{"@id":"https:\/\/permisdeconduceres.com\/contacteaza-ne\/#primaryimage"},"thumbnailUrl":"https:\/\/permisdeconduceres.com\/wp-content\/uploads\/2020\/05\/27.jpg","datePublished":"2020-05-20T02:56:26+00:00","dateModified":"2025-01-25T11:40:44+00:00","description":"Neem hier contact met ons op voor het kopen van een rijbewijs, paspoorten, valse identiteitskaarten en verblijfsvergunningen.","breadcrumb":{"@id":"https:\/\/permisdeconduceres.com\/contacteaza-ne\/#breadcrumb"},"inLanguage":"nl-NL","potentialAction":[{"@type":"ReadAction","target":["https:\/\/permisdeconduceres.com\/contacteaza-ne\/"]}]},{"@type":"ImageObject","inLanguage":"nl-NL","@id":"https:\/\/permisdeconduceres.com\/contacteaza-ne\/#primaryimage","url":"https:\/\/permisdeconduceres.com\/wp-content\/uploads\/2020\/05\/27.jpg","contentUrl":"https:\/\/permisdeconduceres.com\/wp-content\/uploads\/2020\/05\/27.jpg"},{"@type":"BreadcrumbList","@id":"https:\/\/permisdeconduceres.com\/contacteaza-ne\/#breadcrumb","itemListElement":[{"@type":"ListItem","position":1,"name":"Home","item":"https:\/\/permisdeconduceres.com\/"},{"@type":"ListItem","position":2,"name":"Contacteaz\u0103-ne"}]},{"@type":"WebSite","@id":"https:\/\/permisdeconduceres.com\/#website","url":"https:\/\/permisdeconduceres.com\/","name":"Koop een rijbewijs","description":"Binnen 5 dagen uw rijbewijs in huis","potentialAction":[{"@type":"SearchAction","target":{"@type":"EntryPoint","urlTemplate":"https:\/\/permisdeconduceres.com\/?s={search_term_string}"},"query-input":{"@type":"PropertyValueSpecification","valueRequired":true,"valueName":"search_term_string"}}],"inLanguage":"nl-NL"}]}},"_links":{"self":[{"href":"https:\/\/permisdeconduceres.com\/nl\/wp-json\/wp\/v2\/pages\/9","targetHints":{"allow":["GET"]}}],"collection":[{"href":"https:\/\/permisdeconduceres.com\/nl\/wp-json\/wp\/v2\/pages"}],"about":[{"href":"https:\/\/permisdeconduceres.com\/nl\/wp-json\/wp\/v2\/types\/page"}],"author":[{"embeddable":true,"href":"https:\/\/permisdeconduceres.com\/nl\/wp-json\/wp\/v2\/users\/1"}],"replies":[{"embeddable":true,"href":"https:\/\/permisdeconduceres.com\/nl\/wp-json\/wp\/v2\/comments?post=9"}],"version-history":[{"count":84,"href":"https:\/\/permisdeconduceres.com\/nl\/wp-json\/wp\/v2\/pages\/9\/revisions"}],"predecessor-version":[{"id":587,"href":"https:\/\/permisdeconduceres.com\/nl\/wp-json\/wp\/v2\/pages\/9\/revisions\/587"}],"wp:attachment":[{"href":"https:\/\/permisdeconduceres.com\/nl\/wp-json\/wp\/v2\/media?parent=9"}],"curies":[{"name":"wp","href":"https:\/\/api.w.org\/{rel}","templated":true}]}}